{"id":304,"date":"2016-04-14T15:10:20","date_gmt":"2016-04-14T13:10:20","guid":{"rendered":"https:\/\/www.schroeterundwielage.de\/?post_type=product&#038;p=304"},"modified":"2020-12-29T19:42:12","modified_gmt":"2020-12-29T17:42:12","slug":"gurken","status":"publish","type":"product","link":"https:\/\/www.schroeterundwielage.de\/?product=gurken","title":{"rendered":"Gurken"},"content":{"rendered":"","protected":false},"excerpt":{"rendered":"<p>Unsere Gurken sind bei uns auf Vorbestellung erh\u00e4ltlich.<\/p>\n<p>Sie eignen sich hervorragend zum Einmachen, wof\u00fcr wir je nach Bedarf Gurken in gro\u00dfer, mittlerer und kleiner Gr\u00f6\u00dfe anbieten.<\/p>\n<p>Nat\u00fcrlich sind unsere Gurken auch frisch ein Genuss! Sie sind f\u00fcr jeden Salat eine knackige Bereicherung oder ganz pur sehr lecker als gesunder Snack f\u00fcr zwischendurch.<\/p>\n<p>In unserem Hofladen verkaufen wir unsere Gurken schon tischfertig einlegt \u2013 knackig, sauer und voll im Geschmack.<\/p>\n","protected":false},"featured_media":301,"template":"","meta":[],"product_cat":[21],"product_tag":[],"_links":{"self":[{"href":"https:\/\/www.schroeterundwielage.de\/index.php?rest_route=\/wp\/v2\/product\/304"}],"collection":[{"href":"https:\/\/www.schroeterundwielage.de\/index.php?rest_route=\/wp\/v2\/product"}],"about":[{"href":"https:\/\/www.schroeterundwielage.de\/index.php?rest_route=\/wp\/v2\/types\/product"}],"wp:featuredmedia":[{"embeddable":true,"href":"https:\/\/www.schroeterundwielage.de\/index.php?rest_route=\/wp\/v2\/media\/301"}],"wp:attachment":[{"href":"https:\/\/www.schroeterundwielage.de\/index.php?rest_route=%2Fwp%2Fv2%2Fmedia&parent=304"}],"wp:term":[{"taxonomy":"product_cat","embeddable":true,"href":"https:\/\/www.schroeterundwielage.de\/index.php?rest_route=%2Fwp%2Fv2%2Fproduct_cat&post=304"},{"taxonomy":"product_tag","embeddable":true,"href":"https:\/\/www.schroeterundwielage.de\/index.php?rest_route=%2Fwp%2Fv2%2Fproduct_tag&post=304"}],"curies":[{"name":"wp","href":"https:\/\/api.w.org\/{rel}","templated":true}]}}