{"id":216,"date":"2016-04-21T00:11:29","date_gmt":"2016-04-20T22:11:29","guid":{"rendered":"https:\/\/www.schroeterundwielage.de\/?post_type=product&#038;p=216"},"modified":"2020-12-29T19:41:11","modified_gmt":"2020-12-29T17:41:11","slug":"kartoffeln","status":"publish","type":"product","link":"https:\/\/www.schroeterundwielage.de\/?product=kartoffeln","title":{"rendered":"Kartoffeln"},"content":{"rendered":"","protected":false},"excerpt":{"rendered":"<p>Unsere Kartoffeln gibt es ganzj\u00e4hrig in unserem Hofladen. Handerlesene Fr\u00fchkartoffeln sind ab Ende Mai erh\u00e4ltlich.<\/p>\n<p>Wir kultivieren verschiedene ausgezeichnete Kartoffelsorten. Alle festkochend, alle ein Gedicht auf jedem Teller.<\/p>\n<p>Annabell<br \/>\nVon Ende Mai bis Anfang Juni ernten wir unsere Fr\u00fchkartoffel Annabell. Sie hat einen hervorragenden Geschmack, der sehr mild, fein und cremig ist. Ihre Schale ist sch\u00f6n gelb, das Fleisch tiefgelb. Annabell ist vielseitig kombinierbar und eignet sich ausgezeichnet als Pell-, Ofen- oder Salzkartoffel, als auch sehr gut f\u00fcr Bratkartoffeln, Gratin oder Kartoffelsalat.<\/p>\n<p>Belana<br \/>\nUnsere Sp\u00e4tkartoffel Belana hat einen sehr intensiven Geschmack und eine wundersch\u00f6n goldgelbe Farbe. Sie ist sehr gelbfleischig und hat eine feine, glatte Schale. Sie ist ebenso wie Annabell eine hervorragende Allzweckkartoffel. Sei es als Salatkartoffel oder als Westernkartoffel &#8211; f\u00fcr jegliche Zubereitung ist sie bestens geeignet. Zudem l\u00e4sst sich Belana wunderbar einkellern.<\/p>\n","protected":false},"featured_media":219,"template":"","meta":[],"product_cat":[20],"product_tag":[],"_links":{"self":[{"href":"https:\/\/www.schroeterundwielage.de\/index.php?rest_route=\/wp\/v2\/product\/216"}],"collection":[{"href":"https:\/\/www.schroeterundwielage.de\/index.php?rest_route=\/wp\/v2\/product"}],"about":[{"href":"https:\/\/www.schroeterundwielage.de\/index.php?rest_route=\/wp\/v2\/types\/product"}],"wp:featuredmedia":[{"embeddable":true,"href":"https:\/\/www.schroeterundwielage.de\/index.php?rest_route=\/wp\/v2\/media\/219"}],"wp:attachment":[{"href":"https:\/\/www.schroeterundwielage.de\/index.php?rest_route=%2Fwp%2Fv2%2Fmedia&parent=216"}],"wp:term":[{"taxonomy":"product_cat","embeddable":true,"href":"https:\/\/www.schroeterundwielage.de\/index.php?rest_route=%2Fwp%2Fv2%2Fproduct_cat&post=216"},{"taxonomy":"product_tag","embeddable":true,"href":"https:\/\/www.schroeterundwielage.de\/index.php?rest_route=%2Fwp%2Fv2%2Fproduct_tag&post=216"}],"curies":[{"name":"wp","href":"https:\/\/api.w.org\/{rel}","templated":true}]}}