{"id":211,"date":"2016-04-29T23:58:10","date_gmt":"2016-04-29T21:58:10","guid":{"rendered":"https:\/\/www.schroeterundwielage.de\/?product=erdbeeren"},"modified":"2020-12-29T19:40:41","modified_gmt":"2020-12-29T17:40:41","slug":"erdbeeren","status":"publish","type":"product","link":"https:\/\/www.schroeterundwielage.de\/?product=erdbeeren","title":{"rendered":"Erdbeeren"},"content":{"rendered":"","protected":false},"excerpt":{"rendered":"<p>Ab Mitte Mai sind unsere Erdbeeren in unserem Hofladen und an unseren Marktst\u00e4nden erh\u00e4ltlich. Wer seine Erdbeeren selbst erlesen m\u00f6chte, ist ab Anfang Juni herzlich auf unserem Hof zum Selbstpfl\u00fccken willkommen.<br \/>\nWir kultivieren verschiedene Erdbeersorten von angenehm s\u00e4uerlich bis aromatisch s\u00fc\u00df. Alle Sorten sind zum Frischverzehr als auch hervorragend zum Einmachen geeignet.<\/p>\n<p>Flair<br \/>\nDiese fr\u00fchreifende Erdbeersorte ist sehr beerig im Geschmack. Sie hat ein leicht s\u00e4uerliches Aroma und eignet sich perfekt zum Frischverzehr, im Salat oder als Snack f\u00fcr zwischendurch. Die mittelgro\u00dfen Fr\u00fcchte sind kegelf\u00f6rmig und mittelrot.<\/p>\n<p>Lambada<br \/>\nEiner der wohlschmeckendsten Sorten ist die sehr s\u00fc\u00dfe Lambada. Sie verw\u00f6hnt das Auge mit einer mittelroten bis roten Farbe und schmeckt am besten ganz frisch gepfl\u00fcckt. Die Gourmet-Erdbeere gibt es von Ende Mai bis Ende Juni.<\/p>\n<p>Asia<br \/>\nDiese Sorte reift mit sehr gro\u00dfen Fr\u00fcchten und festem Fruchtfleisch. Sie ist hell- bis mittelrot und besticht durch ihr s\u00fc\u00dfes Aroma \u2013 perfekt f\u00fcr Marmelade. Die mittelfr\u00fche Erdbeere ernten wir von Anfang Juni bis Anfang Juli.<\/p>\n<p>Sonata<br \/>\nSonatas haben mittelgro\u00dfe Fr\u00fcchte in mittel- bis tiefroter Farbe. Ihr Geschmack ist s\u00fc\u00df und eignet sich bestens zum Frischverzehr, durch ihr festes Fruchtfleisch auch sehr gut f\u00fcr M\u00fcsli. Erntezeit ist von Anfang Juni bis Anfang Juli.<\/p>\n<p>Florence<br \/>\nDiese sp\u00e4treifende Sorte ist \u00e4u\u00dferst vollmundig im Geschmack. Ihre Fr\u00fcchte sind sehr gro\u00df und majest\u00e4tisch dunkelrot. Reif ist sie von Mitte Juni bis Mitte Juli.<\/p>\n<p>Malwina<br \/>\nMalwina ist einer sehr gro\u00dfe und feste Erdbeere. Ihr aromatischer Geschmack verbirgt sich hinter einem gl\u00e4nzenden mittelroten Mantel mit rot leuchtendem<br \/>\nFruchtfleisch. Die sp\u00e4treife Beere wird von Mitte Juni bis Ende Juli geerntet.<\/p>\n","protected":false},"featured_media":354,"template":"","meta":[],"product_cat":[19],"product_tag":[],"_links":{"self":[{"href":"https:\/\/www.schroeterundwielage.de\/index.php?rest_route=\/wp\/v2\/product\/211"}],"collection":[{"href":"https:\/\/www.schroeterundwielage.de\/index.php?rest_route=\/wp\/v2\/product"}],"about":[{"href":"https:\/\/www.schroeterundwielage.de\/index.php?rest_route=\/wp\/v2\/types\/product"}],"wp:featuredmedia":[{"embeddable":true,"href":"https:\/\/www.schroeterundwielage.de\/index.php?rest_route=\/wp\/v2\/media\/354"}],"wp:attachment":[{"href":"https:\/\/www.schroeterundwielage.de\/index.php?rest_route=%2Fwp%2Fv2%2Fmedia&parent=211"}],"wp:term":[{"taxonomy":"product_cat","embeddable":true,"href":"https:\/\/www.schroeterundwielage.de\/index.php?rest_route=%2Fwp%2Fv2%2Fproduct_cat&post=211"},{"taxonomy":"product_tag","embeddable":true,"href":"https:\/\/www.schroeterundwielage.de\/index.php?rest_route=%2Fwp%2Fv2%2Fproduct_tag&post=211"}],"curies":[{"name":"wp","href":"https:\/\/api.w.org\/{rel}","templated":true}]}}